{"id":9081,"date":"2021-10-05T14:52:25","date_gmt":"2021-10-05T14:52:25","guid":{"rendered":"https:\/\/geemarc.com\/fr\/?post_type=product&#038;p=9081"},"modified":"2025-04-23T12:14:49","modified_gmt":"2025-04-23T12:14:49","slug":"cl7370-ad","status":"publish","type":"product","link":"https:\/\/geemarc.com\/fr\/product\/cl7370-ad\/","title":{"rendered":"CL7370 AD"},"content":{"rendered":"<p><strong>Casque additionnel \u00e0 placer sur la base du CL7370 OPTI ou du CL7370<\/strong><\/p>\n<p>&nbsp;<\/p>\n<p><strong>CARACTERISTIQUES<\/strong><\/p>\n<ul>\n<li>R\u00e9ception St\u00e9r\u00e9o<\/li>\n<li>Ensemble des r\u00e9glages facilement accessibles sur le casque\u00a0:<\/li>\n<\/ul>\n<p>&#8211; R\u00e9glage volume (jusqu\u2019\u00e0 125dB spl)<\/p>\n<p>&#8211; R\u00e9glage de la balance gauche\/droite<\/p>\n<p>&#8211; R\u00e9glage de la tonalit\u00e9 pour l\u2019adapter \u00e0 vos besoins<\/p>\n<ul>\n<li>Mise en veille automatique (quand plus aucun signal en entr\u00e9e sur la base)<\/li>\n<li>Micro Int\u00e9gr\u00e9 pour amplification de l\u2019ambiance sonore<\/li>\n<li>Confortable et l\u00e9ger<\/li>\n<\/ul>\n<p>&nbsp;<\/p>\n<p><strong>TECHNIQUE<\/strong><\/p>\n<ul>\n<li><strong>2,4 GHz digitale<\/strong><\/li>\n<li>Gamme de fr\u00e9quence : 100 \u2013 16 000Hz<\/li>\n<li>Fr\u00e9quence de fonctionnement : 2.404.5-2.479.5GHz<\/li>\n<li>Type de modulation : GFSK<\/li>\n<li>Nombre de canaux : 16<\/li>\n<li>Bande passante : 5M<\/li>\n<li>D\u00e9bit binaire de l&#8217;\u00e9metteur : 1Mbps<\/li>\n<li>Type d&#8217;antenne : Antenne interne<\/li>\n<li>Syst\u00e8me de rechargement rapide :<\/li>\n<\/ul>\n<p>&#8211; Temps de rechargement complet : 4 heures.<\/p>\n<p>&#8211; Le casque se recharge automatiquement lorsqu\u2019il est plac\u00e9 sur sa base.<\/p>\n<ul>\n<li>Port\u00e9e 100m en champs libre et 25m en int\u00e9rieur<\/li>\n<li>Entr\u00e9e analogique audio (jack 3.5mm)<\/li>\n<li>10 heures d\u2019autonomie en utilisation<\/li>\n<li>Poids du casque : 55g<\/li>\n<\/ul>\n","protected":false},"excerpt":{"rendered":"<p>Casque TV additionnel amplifi\u00e9<\/p>\n","protected":false},"featured_media":9082,"template":"","meta":[],"product_cat":[46],"product_tag":[],"yoast_head":"<!-- This site is optimized with the Yoast SEO plugin v16.9 - https:\/\/yoast.com\/wordpress\/plugins\/seo\/ -->\n<title>CL7370 AD - Geemarc France<\/title>\n<meta name=\"robots\" content=\"index, follow, max-snippet:-1, max-image-preview:large, max-video-preview:-1\" \/>\n<link rel=\"canonical\" href=\"https:\/\/geemarc.com\/fr\/product\/cl7370-ad\/\" \/>\n<meta property=\"og:locale\" content=\"fr_FR\" \/>\n<meta property=\"og:type\" content=\"article\" \/>\n<meta property=\"og:title\" content=\"CL7370 AD - Geemarc France\" \/>\n<meta property=\"og:description\" content=\"Casque TV additionnel amplifi\u00e9\" \/>\n<meta property=\"og:url\" content=\"https:\/\/geemarc.com\/fr\/product\/cl7370-ad\/\" \/>\n<meta property=\"og:site_name\" content=\"Geemarc France\" \/>\n<meta property=\"article:modified_time\" content=\"2025-04-23T12:14:49+00:00\" \/>\n<meta property=\"og:image\" content=\"https:\/\/geemarc.com\/fr\/wp-content\/uploads\/sites\/3\/2021\/10\/CL7370_AD.jpg\" \/>\n\t<meta property=\"og:image:width\" content=\"1959\" \/>\n\t<meta property=\"og:image:height\" content=\"2193\" \/>\n<meta name=\"twitter:card\" content=\"summary_large_image\" \/>\n<meta name=\"twitter:label1\" content=\"Dur\u00e9e de lecture est.\" \/>\n\t<meta name=\"twitter:data1\" content=\"1 minute\" \/>\n<script type=\"application\/ld+json\" class=\"yoast-schema-graph\">{\"@context\":\"https:\/\/schema.org\",\"@graph\":[{\"@type\":\"WebSite\",\"@id\":\"https:\/\/geemarc.com\/fr\/#website\",\"url\":\"https:\/\/geemarc.com\/fr\/\",\"name\":\"Geemarc France\",\"description\":\"\",\"potentialAction\":[{\"@type\":\"SearchAction\",\"target\":{\"@type\":\"EntryPoint\",\"urlTemplate\":\"https:\/\/geemarc.com\/fr\/?s={search_term_string}\"},\"query-input\":\"required name=search_term_string\"}],\"inLanguage\":\"fr-FR\"},{\"@type\":\"ImageObject\",\"@id\":\"https:\/\/geemarc.com\/fr\/product\/cl7370-ad\/#primaryimage\",\"inLanguage\":\"fr-FR\",\"url\":\"https:\/\/geemarc.com\/fr\/wp-content\/uploads\/sites\/3\/2021\/10\/CL7370_AD.jpg\",\"contentUrl\":\"https:\/\/geemarc.com\/fr\/wp-content\/uploads\/sites\/3\/2021\/10\/CL7370_AD.jpg\",\"width\":1959,\"height\":2193},{\"@type\":\"WebPage\",\"@id\":\"https:\/\/geemarc.com\/fr\/product\/cl7370-ad\/#webpage\",\"url\":\"https:\/\/geemarc.com\/fr\/product\/cl7370-ad\/\",\"name\":\"CL7370 AD - Geemarc France\",\"isPartOf\":{\"@id\":\"https:\/\/geemarc.com\/fr\/#website\"},\"primaryImageOfPage\":{\"@id\":\"https:\/\/geemarc.com\/fr\/product\/cl7370-ad\/#primaryimage\"},\"datePublished\":\"2021-10-05T14:52:25+00:00\",\"dateModified\":\"2025-04-23T12:14:49+00:00\",\"breadcrumb\":{\"@id\":\"https:\/\/geemarc.com\/fr\/product\/cl7370-ad\/#breadcrumb\"},\"inLanguage\":\"fr-FR\",\"potentialAction\":[{\"@type\":\"ReadAction\",\"target\":[\"https:\/\/geemarc.com\/fr\/product\/cl7370-ad\/\"]}]},{\"@type\":\"BreadcrumbList\",\"@id\":\"https:\/\/geemarc.com\/fr\/product\/cl7370-ad\/#breadcrumb\",\"itemListElement\":[{\"@type\":\"ListItem\",\"position\":1,\"name\":\"Home\",\"item\":\"https:\/\/geemarc.com\/fr\/\"},{\"@type\":\"ListItem\",\"position\":2,\"name\":\"Shop\",\"item\":\"https:\/\/geemarc.com\/fr\/shop\/\"},{\"@type\":\"ListItem\",\"position\":3,\"name\":\"CL7370 AD\"}]}]}<\/script>\n<!-- \/ Yoast SEO plugin. -->","yoast_head_json":{"title":"CL7370 AD - Geemarc France","robots":{"index":"index","follow":"follow","max-snippet":"max-snippet:-1","max-image-preview":"max-image-preview:large","max-video-preview":"max-video-preview:-1"},"canonical":"https:\/\/geemarc.com\/fr\/product\/cl7370-ad\/","og_locale":"fr_FR","og_type":"article","og_title":"CL7370 AD - Geemarc France","og_description":"Casque TV additionnel amplifi\u00e9","og_url":"https:\/\/geemarc.com\/fr\/product\/cl7370-ad\/","og_site_name":"Geemarc France","article_modified_time":"2025-04-23T12:14:49+00:00","og_image":[{"width":1959,"height":2193,"url":"https:\/\/geemarc.com\/fr\/wp-content\/uploads\/sites\/3\/2021\/10\/CL7370_AD.jpg","path":"\/home\/g\/e\/geemarcwp\/public_html\/wp-content\/uploads\/sites\/3\/2021\/10\/CL7370_AD.jpg","size":"full","id":9082,"alt":"","pixels":4296087,"type":"image\/jpeg"}],"twitter_card":"summary_large_image","twitter_misc":{"Dur\u00e9e de lecture est.":"1 minute"},"schema":{"@context":"https:\/\/schema.org","@graph":[{"@type":"WebSite","@id":"https:\/\/geemarc.com\/fr\/#website","url":"https:\/\/geemarc.com\/fr\/","name":"Geemarc France","description":"","potentialAction":[{"@type":"SearchAction","target":{"@type":"EntryPoint","urlTemplate":"https:\/\/geemarc.com\/fr\/?s={search_term_string}"},"query-input":"required name=search_term_string"}],"inLanguage":"fr-FR"},{"@type":"ImageObject","@id":"https:\/\/geemarc.com\/fr\/product\/cl7370-ad\/#primaryimage","inLanguage":"fr-FR","url":"https:\/\/geemarc.com\/fr\/wp-content\/uploads\/sites\/3\/2021\/10\/CL7370_AD.jpg","contentUrl":"https:\/\/geemarc.com\/fr\/wp-content\/uploads\/sites\/3\/2021\/10\/CL7370_AD.jpg","width":1959,"height":2193},{"@type":"WebPage","@id":"https:\/\/geemarc.com\/fr\/product\/cl7370-ad\/#webpage","url":"https:\/\/geemarc.com\/fr\/product\/cl7370-ad\/","name":"CL7370 AD - Geemarc France","isPartOf":{"@id":"https:\/\/geemarc.com\/fr\/#website"},"primaryImageOfPage":{"@id":"https:\/\/geemarc.com\/fr\/product\/cl7370-ad\/#primaryimage"},"datePublished":"2021-10-05T14:52:25+00:00","dateModified":"2025-04-23T12:14:49+00:00","breadcrumb":{"@id":"https:\/\/geemarc.com\/fr\/product\/cl7370-ad\/#breadcrumb"},"inLanguage":"fr-FR","potentialAction":[{"@type":"ReadAction","target":["https:\/\/geemarc.com\/fr\/product\/cl7370-ad\/"]}]},{"@type":"BreadcrumbList","@id":"https:\/\/geemarc.com\/fr\/product\/cl7370-ad\/#breadcrumb","itemListElement":[{"@type":"ListItem","position":1,"name":"Home","item":"https:\/\/geemarc.com\/fr\/"},{"@type":"ListItem","position":2,"name":"Shop","item":"https:\/\/geemarc.com\/fr\/shop\/"},{"@type":"ListItem","position":3,"name":"CL7370 AD"}]}]}},"acf":[],"_links":{"self":[{"href":"https:\/\/geemarc.com\/fr\/wp-json\/wp\/v2\/product\/9081"}],"collection":[{"href":"https:\/\/geemarc.com\/fr\/wp-json\/wp\/v2\/product"}],"about":[{"href":"https:\/\/geemarc.com\/fr\/wp-json\/wp\/v2\/types\/product"}],"wp:featuredmedia":[{"embeddable":true,"href":"https:\/\/geemarc.com\/fr\/wp-json\/wp\/v2\/media\/9082"}],"wp:attachment":[{"href":"https:\/\/geemarc.com\/fr\/wp-json\/wp\/v2\/media?parent=9081"}],"wp:term":[{"taxonomy":"product_cat","embeddable":true,"href":"https:\/\/geemarc.com\/fr\/wp-json\/wp\/v2\/product_cat?post=9081"},{"taxonomy":"product_tag","embeddable":true,"href":"https:\/\/geemarc.com\/fr\/wp-json\/wp\/v2\/product_tag?post=9081"}],"curies":[{"name":"wp","href":"https:\/\/api.w.org\/{rel}","templated":true}]}}