{"id":9718,"date":"2022-05-09T13:01:45","date_gmt":"2022-05-09T13:01:45","guid":{"rendered":"https:\/\/geemarc.com\/fr\/?post_type=product&#038;p=9718"},"modified":"2025-02-28T09:03:05","modified_gmt":"2025-02-28T09:03:05","slug":"amplicall-110","status":"publish","type":"product","link":"https:\/\/geemarc.com\/fr\/product\/amplicall-110\/","title":{"rendered":"AMPLICALL 110"},"content":{"rendered":"<p><strong>CARACTERISTIQUES<\/strong><\/p>\n<ul>\n<li>\u00c9metteur pour la gamme AMPLICALL<\/li>\n<li>\u00c0 appairer avec un AMPLICALL 100 et\/ou un AMPLICALL 150, peut \u00eatre utilis\u00e9 en solo \u00e9galement<\/li>\n<li>Indicateur LED de sonnerie de t\u00e9l\u00e9phone<\/li>\n<li>Sonnerie \u00e9lectronique puissante\u00a0: 90 dB<\/li>\n<li>Volume r\u00e9glables sur 3 niveaux\u00a0: Fort \/ Moyen \/ Bas<\/li>\n<li>Bouton d\u2019appel d\u2019urgence (uniquement lorsqu\u2019appair\u00e9 avec AMPLICALL 100 et\/ou AMPLICALL 150)<\/li>\n<li>Port\u00e9e entre l\u2019\u00e9metteur et le r\u00e9cepteur : jusqu\u2019\u00e0 35m en int\u00e9rieur et jusqu\u2019\u00e0 200m en champ libre<\/li>\n<\/ul>\n<p>&nbsp;<\/p>\n<div id=\"threesixty-slider-9717_JIDm66\" class=\"threesixty-loading threesixty-image threesixty-dark-blue threesixty-vintage threesixty-no-border\" style=\"width: 600px;\">\r\n\t<div class=\"threesixty-preview-9717_JIDm66\"><img class=\"threesixty-preview-image\" src=\"https:\/\/geemarc.com\/fr\/wp-content\/uploads\/sites\/3\/2022\/05\/DSC_0233.jpg\"\/><\/div>\r\n\t<div class=\"threesixty-spinner threesixty-spinner-9717_JIDm66\">\r\n\t\t<span>0%<\/span>\r\n\t<\/div>\r\n\t<ol class=\"threesixty-images threesixty-images-9717_JIDm66\"><\/ol>\r\n\t\t\t<a href=\"#threesixty-slider-9717_JIDm66\" class=\"threesixty-mfp-anchor\"><\/a>\r\n\t<\/div>\r\n<!--SPV--><script type=\"text\/javascript\">\/\/SPV\r\n(function($) {\r\n\t\t$('#threesixty-slider-9717_JIDm66 .threesixty-mfp-anchor').magnificPopup({\r\n\t\ttype:'inline',\r\n\t\tcloseOnBgClick: true,\r\n\t\tmidClick: true,\r\n\t\t\/\/removalDelay: 300,\r\n  \t\t\/\/mainClass: 'mfp-fade',\r\n\t\tcallbacks: {\r\n\t\t\t resize: function() {\r\n\t\t\t \tvar originalHeight \t= 444,\r\n\t\t\t \t\toriginalWidth \t= 600,\r\n\t\t\t \t\tmfpHeight \t\t= 444,\r\n\t\t\t \t\tmfpWidth \t\t= 600,\r\n\t\t\t \t\tratio \t\t\t= originalWidth \/ originalHeight,\r\n\t\t\t \t\twinHeight \t\t= $(window).height(),\r\n\t\t\t \t\twinWidth \t\t= $(window).width();\r\n\t\t\t \t\r\n\t\t\t \tif ( originalHeight > winHeight * 0.9 ) {\r\n\t\t\t \t\tmfpHeight \t\t= winHeight * 0.9;\r\n\t\t\t \t\tmfpWidth \t\t= mfpHeight * ratio;\r\n\t\t\t\t}\r\n\t\t\t\tif ( mfpWidth > winWidth * 0.9 ) {\r\n\t\t\t \t\tmfpWidth \t\t= winWidth * 0.9;\r\n\t\t\t \t\tmfpHeight \t\t= mfpWidth \/ ratio;\r\n\t\t\t\t}\r\n\t\t\t \tif ( mfpHeight < originalHeight && mfpWidth < originalWidth ) {\r\n\t\t\t\t    $('#threesixty-slider-9717_JIDm66').height(mfpHeight);\r\n\t\t\t\t    $('#threesixty-slider-9717_JIDm66').width(mfpWidth);\r\n\t\t\t\t} \r\n\t\t\t\telse {\r\n\t\t\t\t    $('#threesixty-slider-9717_JIDm66').height(originalHeight);\r\n\t\t\t\t    $('#threesixty-slider-9717_JIDm66').width(originalWidth);\r\n\t\t\t\t}\r\n\t\t\t},\r\n\t\t\tclose: function() {\r\n\t\t\t    $('#threesixty-slider-9717_JIDm66').height('auto');\r\n\t\t\t    $('#threesixty-slider-9717_JIDm66').width(600);\r\n\t\t\t}\r\n\t\t},\r\n\t\tcloseMarkup :\"<button class=\\\"mfp-close\\\"><\/button>\"\r\n\t});\r\n\t\tvar product_9717_JIDm66 = $('#threesixty-slider-9717_JIDm66').ThreeSixty({\r\n\t\ttotalFrames: 36,\r\n\t\tendFrame: 0,\r\n\t\tcurrentFrame: 36,\r\n\t\timgList: '.threesixty-images-9717_JIDm66',\r\n\t\tprogress: '.threesixty-spinner-9717_JIDm66',\r\n\t\tpreview: '.threesixty-preview-9717_JIDm66',\r\n\t\timages: ['https:\/\/geemarc.com\/fr\/wp-content\/uploads\/sites\/3\/2022\/05\/DSC_0232.jpg','https:\/\/geemarc.com\/fr\/wp-content\/uploads\/sites\/3\/2022\/05\/DSC_0267.jpg','https:\/\/geemarc.com\/fr\/wp-content\/uploads\/sites\/3\/2022\/05\/DSC_0266.jpg','https:\/\/geemarc.com\/fr\/wp-content\/uploads\/sites\/3\/2022\/05\/DSC_0265.jpg','https:\/\/geemarc.com\/fr\/wp-content\/uploads\/sites\/3\/2022\/05\/DSC_0264.jpg','https:\/\/geemarc.com\/fr\/wp-content\/uploads\/sites\/3\/2022\/05\/DSC_0263.jpg','https:\/\/geemarc.com\/fr\/wp-content\/uploads\/sites\/3\/2022\/05\/DSC_0262.jpg','https:\/\/geemarc.com\/fr\/wp-content\/uploads\/sites\/3\/2022\/05\/DSC_0261.jpg','https:\/\/geemarc.com\/fr\/wp-content\/uploads\/sites\/3\/2022\/05\/DSC_0260.jpg','https:\/\/geemarc.com\/fr\/wp-content\/uploads\/sites\/3\/2022\/05\/DSC_0259.jpg','https:\/\/geemarc.com\/fr\/wp-content\/uploads\/sites\/3\/2022\/05\/DSC_0258.jpg','https:\/\/geemarc.com\/fr\/wp-content\/uploads\/sites\/3\/2022\/05\/DSC_0257.jpg','https:\/\/geemarc.com\/fr\/wp-content\/uploads\/sites\/3\/2022\/05\/DSC_0256.jpg','https:\/\/geemarc.com\/fr\/wp-content\/uploads\/sites\/3\/2022\/05\/DSC_0255.jpg','https:\/\/geemarc.com\/fr\/wp-content\/uploads\/sites\/3\/2022\/05\/DSC_0254.jpg','https:\/\/geemarc.com\/fr\/wp-content\/uploads\/sites\/3\/2022\/05\/DSC_0253.jpg','https:\/\/geemarc.com\/fr\/wp-content\/uploads\/sites\/3\/2022\/05\/DSC_0252.jpg','https:\/\/geemarc.com\/fr\/wp-content\/uploads\/sites\/3\/2022\/05\/DSC_0251.jpg','https:\/\/geemarc.com\/fr\/wp-content\/uploads\/sites\/3\/2022\/05\/DSC_0250.jpg','https:\/\/geemarc.com\/fr\/wp-content\/uploads\/sites\/3\/2022\/05\/DSC_0249.jpg','https:\/\/geemarc.com\/fr\/wp-content\/uploads\/sites\/3\/2022\/05\/DSC_0248.jpg','https:\/\/geemarc.com\/fr\/wp-content\/uploads\/sites\/3\/2022\/05\/DSC_0247.jpg','https:\/\/geemarc.com\/fr\/wp-content\/uploads\/sites\/3\/2022\/05\/DSC_0246.jpg','https:\/\/geemarc.com\/fr\/wp-content\/uploads\/sites\/3\/2022\/05\/DSC_0245.jpg','https:\/\/geemarc.com\/fr\/wp-content\/uploads\/sites\/3\/2022\/05\/DSC_0244.jpg','https:\/\/geemarc.com\/fr\/wp-content\/uploads\/sites\/3\/2022\/05\/DSC_0243.jpg','https:\/\/geemarc.com\/fr\/wp-content\/uploads\/sites\/3\/2022\/05\/DSC_0242.jpg','https:\/\/geemarc.com\/fr\/wp-content\/uploads\/sites\/3\/2022\/05\/DSC_0241.jpg','https:\/\/geemarc.com\/fr\/wp-content\/uploads\/sites\/3\/2022\/05\/DSC_0240.jpg','https:\/\/geemarc.com\/fr\/wp-content\/uploads\/sites\/3\/2022\/05\/DSC_0239.jpg','https:\/\/geemarc.com\/fr\/wp-content\/uploads\/sites\/3\/2022\/05\/DSC_0238.jpg','https:\/\/geemarc.com\/fr\/wp-content\/uploads\/sites\/3\/2022\/05\/DSC_0237.jpg','https:\/\/geemarc.com\/fr\/wp-content\/uploads\/sites\/3\/2022\/05\/DSC_0236.jpg','https:\/\/geemarc.com\/fr\/wp-content\/uploads\/sites\/3\/2022\/05\/DSC_0235.jpg','https:\/\/geemarc.com\/fr\/wp-content\/uploads\/sites\/3\/2022\/05\/DSC_0234.jpg','https:\/\/geemarc.com\/fr\/wp-content\/uploads\/sites\/3\/2022\/05\/DSC_0233.jpg'],\r\n\t\theight: 0,\r\n\t\twidth: 600,\r\n\t\tnavigation: true,\r\n\t\tdrag: true,\r\n\t\tshowCursor: true,\r\n\t\tinterval: 120,\r\n\t\tspeedMultiplier: 3,\r\n\t\t\t\tstartAutoplay: true,\r\n\t\t\t\tonReady: function() {\r\n\t\t\t$(\"#threesixty-slider-9717_JIDm66\").removeClass('threesixty-loading');\r\n\t\t\t\t\t\tproduct_9717_JIDm66.play();\r\n\t\t\t\t\t\t\t\t}\r\n\t\t\t});\r\n\t\t\t}(jQuery));\r\n<\/script>\n","protected":false},"excerpt":{"rendered":"<p>\u00c9metteur et indicateur d\u2019appel t\u00e9l\u00e9phonique<\/p>\n","protected":false},"featured_media":9743,"template":"","meta":[],"product_cat":[145],"product_tag":[],"yoast_head":"<!-- This site is optimized with the Yoast SEO plugin v16.9 - https:\/\/yoast.com\/wordpress\/plugins\/seo\/ -->\n<title>AMPLICALL 110 - Geemarc France<\/title>\n<meta name=\"robots\" content=\"index, follow, max-snippet:-1, max-image-preview:large, max-video-preview:-1\" \/>\n<link rel=\"canonical\" href=\"https:\/\/geemarc.com\/fr\/product\/amplicall-110\/\" \/>\n<meta property=\"og:locale\" content=\"fr_FR\" \/>\n<meta property=\"og:type\" content=\"article\" \/>\n<meta property=\"og:title\" content=\"AMPLICALL 110 - Geemarc France\" \/>\n<meta property=\"og:description\" content=\"\u00c9metteur et indicateur d\u2019appel t\u00e9l\u00e9phonique\" \/>\n<meta property=\"og:url\" content=\"https:\/\/geemarc.com\/fr\/product\/amplicall-110\/\" \/>\n<meta property=\"og:site_name\" content=\"Geemarc France\" \/>\n<meta property=\"article:modified_time\" content=\"2025-02-28T09:03:05+00:00\" \/>\n<meta property=\"og:image\" content=\"https:\/\/geemarc.com\/fr\/wp-content\/uploads\/sites\/3\/2022\/05\/AC110_1.jpg\" \/>\n\t<meta property=\"og:image:width\" content=\"2130\" \/>\n\t<meta property=\"og:image:height\" content=\"1598\" \/>\n<meta name=\"twitter:card\" content=\"summary_large_image\" \/>\n<meta name=\"twitter:label1\" content=\"Dur\u00e9e de lecture est.\" \/>\n\t<meta name=\"twitter:data1\" content=\"1 minute\" \/>\n<script type=\"application\/ld+json\" class=\"yoast-schema-graph\">{\"@context\":\"https:\/\/schema.org\",\"@graph\":[{\"@type\":\"WebSite\",\"@id\":\"https:\/\/geemarc.com\/fr\/#website\",\"url\":\"https:\/\/geemarc.com\/fr\/\",\"name\":\"Geemarc France\",\"description\":\"\",\"potentialAction\":[{\"@type\":\"SearchAction\",\"target\":{\"@type\":\"EntryPoint\",\"urlTemplate\":\"https:\/\/geemarc.com\/fr\/?s={search_term_string}\"},\"query-input\":\"required name=search_term_string\"}],\"inLanguage\":\"fr-FR\"},{\"@type\":\"ImageObject\",\"@id\":\"https:\/\/geemarc.com\/fr\/product\/amplicall-110\/#primaryimage\",\"inLanguage\":\"fr-FR\",\"url\":\"https:\/\/geemarc.com\/fr\/wp-content\/uploads\/sites\/3\/2022\/05\/AC110_1.jpg\",\"contentUrl\":\"https:\/\/geemarc.com\/fr\/wp-content\/uploads\/sites\/3\/2022\/05\/AC110_1.jpg\",\"width\":2130,\"height\":1598},{\"@type\":\"WebPage\",\"@id\":\"https:\/\/geemarc.com\/fr\/product\/amplicall-110\/#webpage\",\"url\":\"https:\/\/geemarc.com\/fr\/product\/amplicall-110\/\",\"name\":\"AMPLICALL 110 - Geemarc France\",\"isPartOf\":{\"@id\":\"https:\/\/geemarc.com\/fr\/#website\"},\"primaryImageOfPage\":{\"@id\":\"https:\/\/geemarc.com\/fr\/product\/amplicall-110\/#primaryimage\"},\"datePublished\":\"2022-05-09T13:01:45+00:00\",\"dateModified\":\"2025-02-28T09:03:05+00:00\",\"breadcrumb\":{\"@id\":\"https:\/\/geemarc.com\/fr\/product\/amplicall-110\/#breadcrumb\"},\"inLanguage\":\"fr-FR\",\"potentialAction\":[{\"@type\":\"ReadAction\",\"target\":[\"https:\/\/geemarc.com\/fr\/product\/amplicall-110\/\"]}]},{\"@type\":\"BreadcrumbList\",\"@id\":\"https:\/\/geemarc.com\/fr\/product\/amplicall-110\/#breadcrumb\",\"itemListElement\":[{\"@type\":\"ListItem\",\"position\":1,\"name\":\"Home\",\"item\":\"https:\/\/geemarc.com\/fr\/\"},{\"@type\":\"ListItem\",\"position\":2,\"name\":\"Shop\",\"item\":\"https:\/\/geemarc.com\/fr\/shop\/\"},{\"@type\":\"ListItem\",\"position\":3,\"name\":\"AMPLICALL 110\"}]}]}<\/script>\n<!-- \/ Yoast SEO plugin. -->","yoast_head_json":{"title":"AMPLICALL 110 - Geemarc France","robots":{"index":"index","follow":"follow","max-snippet":"max-snippet:-1","max-image-preview":"max-image-preview:large","max-video-preview":"max-video-preview:-1"},"canonical":"https:\/\/geemarc.com\/fr\/product\/amplicall-110\/","og_locale":"fr_FR","og_type":"article","og_title":"AMPLICALL 110 - Geemarc France","og_description":"\u00c9metteur et indicateur d\u2019appel t\u00e9l\u00e9phonique","og_url":"https:\/\/geemarc.com\/fr\/product\/amplicall-110\/","og_site_name":"Geemarc France","article_modified_time":"2025-02-28T09:03:05+00:00","og_image":[{"width":2130,"height":1598,"url":"https:\/\/geemarc.com\/fr\/wp-content\/uploads\/sites\/3\/2022\/05\/AC110_1.jpg","path":"\/home\/g\/e\/geemarcwp\/public_html\/wp-content\/uploads\/sites\/3\/2022\/05\/AC110_1.jpg","size":"full","id":9743,"alt":"","pixels":3403740,"type":"image\/jpeg"}],"twitter_card":"summary_large_image","twitter_misc":{"Dur\u00e9e de lecture est.":"1 minute"},"schema":{"@context":"https:\/\/schema.org","@graph":[{"@type":"WebSite","@id":"https:\/\/geemarc.com\/fr\/#website","url":"https:\/\/geemarc.com\/fr\/","name":"Geemarc France","description":"","potentialAction":[{"@type":"SearchAction","target":{"@type":"EntryPoint","urlTemplate":"https:\/\/geemarc.com\/fr\/?s={search_term_string}"},"query-input":"required name=search_term_string"}],"inLanguage":"fr-FR"},{"@type":"ImageObject","@id":"https:\/\/geemarc.com\/fr\/product\/amplicall-110\/#primaryimage","inLanguage":"fr-FR","url":"https:\/\/geemarc.com\/fr\/wp-content\/uploads\/sites\/3\/2022\/05\/AC110_1.jpg","contentUrl":"https:\/\/geemarc.com\/fr\/wp-content\/uploads\/sites\/3\/2022\/05\/AC110_1.jpg","width":2130,"height":1598},{"@type":"WebPage","@id":"https:\/\/geemarc.com\/fr\/product\/amplicall-110\/#webpage","url":"https:\/\/geemarc.com\/fr\/product\/amplicall-110\/","name":"AMPLICALL 110 - Geemarc France","isPartOf":{"@id":"https:\/\/geemarc.com\/fr\/#website"},"primaryImageOfPage":{"@id":"https:\/\/geemarc.com\/fr\/product\/amplicall-110\/#primaryimage"},"datePublished":"2022-05-09T13:01:45+00:00","dateModified":"2025-02-28T09:03:05+00:00","breadcrumb":{"@id":"https:\/\/geemarc.com\/fr\/product\/amplicall-110\/#breadcrumb"},"inLanguage":"fr-FR","potentialAction":[{"@type":"ReadAction","target":["https:\/\/geemarc.com\/fr\/product\/amplicall-110\/"]}]},{"@type":"BreadcrumbList","@id":"https:\/\/geemarc.com\/fr\/product\/amplicall-110\/#breadcrumb","itemListElement":[{"@type":"ListItem","position":1,"name":"Home","item":"https:\/\/geemarc.com\/fr\/"},{"@type":"ListItem","position":2,"name":"Shop","item":"https:\/\/geemarc.com\/fr\/shop\/"},{"@type":"ListItem","position":3,"name":"AMPLICALL 110"}]}]}},"acf":[],"_links":{"self":[{"href":"https:\/\/geemarc.com\/fr\/wp-json\/wp\/v2\/product\/9718"}],"collection":[{"href":"https:\/\/geemarc.com\/fr\/wp-json\/wp\/v2\/product"}],"about":[{"href":"https:\/\/geemarc.com\/fr\/wp-json\/wp\/v2\/types\/product"}],"wp:featuredmedia":[{"embeddable":true,"href":"https:\/\/geemarc.com\/fr\/wp-json\/wp\/v2\/media\/9743"}],"wp:attachment":[{"href":"https:\/\/geemarc.com\/fr\/wp-json\/wp\/v2\/media?parent=9718"}],"wp:term":[{"taxonomy":"product_cat","embeddable":true,"href":"https:\/\/geemarc.com\/fr\/wp-json\/wp\/v2\/product_cat?post=9718"},{"taxonomy":"product_tag","embeddable":true,"href":"https:\/\/geemarc.com\/fr\/wp-json\/wp\/v2\/product_tag?post=9718"}],"curies":[{"name":"wp","href":"https:\/\/api.w.org\/{rel}","templated":true}]}}