{"id":9763,"date":"2022-05-09T13:39:16","date_gmt":"2022-05-09T13:39:16","guid":{"rendered":"https:\/\/geemarc.com\/fr\/?post_type=product&#038;p=9763"},"modified":"2022-05-09T13:45:27","modified_gmt":"2022-05-09T13:45:27","slug":"amplicall-140","status":"publish","type":"product","link":"https:\/\/geemarc.com\/fr\/product\/amplicall-140\/","title":{"rendered":"AMPLICALL 140"},"content":{"rendered":"<p><strong>CARACTERISTIQUES<\/strong><\/p>\n<ul>\n<li>\u00c9metteur sans fil pour Gamme AMPLICALL<\/li>\n<li>\u00c0 appairer avec un AMPLICALL 100 et\/ou un AMPLICALL 150<\/li>\n<li>Bouton d\u2019appel d\u2019urgence<\/li>\n<li>R\u00e9glage du temps de d\u00e9tection (1\/5\/15s)<\/li>\n<li>R\u00e9glage de la sensibilit\u00e9 de d\u00e9tection\u00a0: Haut (75dB) \/ Moyen\u00a0(84dB) \/ Bas (90dB)<\/li>\n<li>Port\u00e9e entre l\u2019\u00e9metteur et le r\u00e9cepteur : jusqu\u2019\u00e0 35m en int\u00e9rieur et jusqu\u2019\u00e0 200m en champ libre<\/li>\n<\/ul>\n<p>&nbsp;<\/p>\n<div id=\"threesixty-slider-9761_levlKX\" class=\"threesixty-loading threesixty-image threesixty-dark-blue threesixty-vintage threesixty-no-border\" style=\"width: 600px;\">\r\n\t<div class=\"threesixty-preview-9761_levlKX\"><img class=\"threesixty-preview-image\" src=\"https:\/\/geemarc.com\/fr\/wp-content\/uploads\/sites\/3\/2022\/05\/DSC_0268.jpg\"\/><\/div>\r\n\t<div class=\"threesixty-spinner threesixty-spinner-9761_levlKX\">\r\n\t\t<span>0%<\/span>\r\n\t<\/div>\r\n\t<ol class=\"threesixty-images threesixty-images-9761_levlKX\"><\/ol>\r\n\t\t\t<a href=\"#threesixty-slider-9761_levlKX\" class=\"threesixty-mfp-anchor\"><\/a>\r\n\t<\/div>\r\n<!--SPV--><script type=\"text\/javascript\">\/\/SPV\r\n(function($) {\r\n\t\t$('#threesixty-slider-9761_levlKX .threesixty-mfp-anchor').magnificPopup({\r\n\t\ttype:'inline',\r\n\t\tcloseOnBgClick: true,\r\n\t\tmidClick: true,\r\n\t\t\/\/removalDelay: 300,\r\n  \t\t\/\/mainClass: 'mfp-fade',\r\n\t\tcallbacks: {\r\n\t\t\t resize: function() {\r\n\t\t\t \tvar originalHeight \t= 457,\r\n\t\t\t \t\toriginalWidth \t= 600,\r\n\t\t\t \t\tmfpHeight \t\t= 457,\r\n\t\t\t \t\tmfpWidth \t\t= 600,\r\n\t\t\t \t\tratio \t\t\t= originalWidth \/ originalHeight,\r\n\t\t\t \t\twinHeight \t\t= $(window).height(),\r\n\t\t\t \t\twinWidth \t\t= $(window).width();\r\n\t\t\t \t\r\n\t\t\t \tif ( originalHeight > winHeight * 0.9 ) {\r\n\t\t\t \t\tmfpHeight \t\t= winHeight * 0.9;\r\n\t\t\t \t\tmfpWidth \t\t= mfpHeight * ratio;\r\n\t\t\t\t}\r\n\t\t\t\tif ( mfpWidth > winWidth * 0.9 ) {\r\n\t\t\t \t\tmfpWidth \t\t= winWidth * 0.9;\r\n\t\t\t \t\tmfpHeight \t\t= mfpWidth \/ ratio;\r\n\t\t\t\t}\r\n\t\t\t \tif ( mfpHeight < originalHeight && mfpWidth < originalWidth ) {\r\n\t\t\t\t    $('#threesixty-slider-9761_levlKX').height(mfpHeight);\r\n\t\t\t\t    $('#threesixty-slider-9761_levlKX').width(mfpWidth);\r\n\t\t\t\t} \r\n\t\t\t\telse {\r\n\t\t\t\t    $('#threesixty-slider-9761_levlKX').height(originalHeight);\r\n\t\t\t\t    $('#threesixty-slider-9761_levlKX').width(originalWidth);\r\n\t\t\t\t}\r\n\t\t\t},\r\n\t\t\tclose: function() {\r\n\t\t\t    $('#threesixty-slider-9761_levlKX').height('auto');\r\n\t\t\t    $('#threesixty-slider-9761_levlKX').width(600);\r\n\t\t\t}\r\n\t\t},\r\n\t\tcloseMarkup :\"<button class=\\\"mfp-close\\\"><\/button>\"\r\n\t});\r\n\t\tvar product_9761_levlKX = $('#threesixty-slider-9761_levlKX').ThreeSixty({\r\n\t\ttotalFrames: 36,\r\n\t\tendFrame: 0,\r\n\t\tcurrentFrame: 36,\r\n\t\timgList: '.threesixty-images-9761_levlKX',\r\n\t\tprogress: '.threesixty-spinner-9761_levlKX',\r\n\t\tpreview: '.threesixty-preview-9761_levlKX',\r\n\t\timages: ['https:\/\/geemarc.com\/fr\/wp-content\/uploads\/sites\/3\/2022\/05\/DSC_0303.jpg','https:\/\/geemarc.com\/fr\/wp-content\/uploads\/sites\/3\/2022\/05\/DSC_0302.jpg','https:\/\/geemarc.com\/fr\/wp-content\/uploads\/sites\/3\/2022\/05\/DSC_0301.jpg','https:\/\/geemarc.com\/fr\/wp-content\/uploads\/sites\/3\/2022\/05\/DSC_0300.jpg','https:\/\/geemarc.com\/fr\/wp-content\/uploads\/sites\/3\/2022\/05\/DSC_0299.jpg','https:\/\/geemarc.com\/fr\/wp-content\/uploads\/sites\/3\/2022\/05\/DSC_0298.jpg','https:\/\/geemarc.com\/fr\/wp-content\/uploads\/sites\/3\/2022\/05\/DSC_0297.jpg','https:\/\/geemarc.com\/fr\/wp-content\/uploads\/sites\/3\/2022\/05\/DSC_0296.jpg','https:\/\/geemarc.com\/fr\/wp-content\/uploads\/sites\/3\/2022\/05\/DSC_0295.jpg','https:\/\/geemarc.com\/fr\/wp-content\/uploads\/sites\/3\/2022\/05\/DSC_0294.jpg','https:\/\/geemarc.com\/fr\/wp-content\/uploads\/sites\/3\/2022\/05\/DSC_0293.jpg','https:\/\/geemarc.com\/fr\/wp-content\/uploads\/sites\/3\/2022\/05\/DSC_0292.jpg','https:\/\/geemarc.com\/fr\/wp-content\/uploads\/sites\/3\/2022\/05\/DSC_0291.jpg','https:\/\/geemarc.com\/fr\/wp-content\/uploads\/sites\/3\/2022\/05\/DSC_0290.jpg','https:\/\/geemarc.com\/fr\/wp-content\/uploads\/sites\/3\/2022\/05\/DSC_0289.jpg','https:\/\/geemarc.com\/fr\/wp-content\/uploads\/sites\/3\/2022\/05\/DSC_0288.jpg','https:\/\/geemarc.com\/fr\/wp-content\/uploads\/sites\/3\/2022\/05\/DSC_0287.jpg','https:\/\/geemarc.com\/fr\/wp-content\/uploads\/sites\/3\/2022\/05\/DSC_0286.jpg','https:\/\/geemarc.com\/fr\/wp-content\/uploads\/sites\/3\/2022\/05\/DSC_0285.jpg','https:\/\/geemarc.com\/fr\/wp-content\/uploads\/sites\/3\/2022\/05\/DSC_0284.jpg','https:\/\/geemarc.com\/fr\/wp-content\/uploads\/sites\/3\/2022\/05\/DSC_0283.jpg','https:\/\/geemarc.com\/fr\/wp-content\/uploads\/sites\/3\/2022\/05\/DSC_0282.jpg','https:\/\/geemarc.com\/fr\/wp-content\/uploads\/sites\/3\/2022\/05\/DSC_0281.jpg','https:\/\/geemarc.com\/fr\/wp-content\/uploads\/sites\/3\/2022\/05\/DSC_0280.jpg','https:\/\/geemarc.com\/fr\/wp-content\/uploads\/sites\/3\/2022\/05\/DSC_0279.jpg','https:\/\/geemarc.com\/fr\/wp-content\/uploads\/sites\/3\/2022\/05\/DSC_0278.jpg','https:\/\/geemarc.com\/fr\/wp-content\/uploads\/sites\/3\/2022\/05\/DSC_0277.jpg','https:\/\/geemarc.com\/fr\/wp-content\/uploads\/sites\/3\/2022\/05\/DSC_0276.jpg','https:\/\/geemarc.com\/fr\/wp-content\/uploads\/sites\/3\/2022\/05\/DSC_0275.jpg','https:\/\/geemarc.com\/fr\/wp-content\/uploads\/sites\/3\/2022\/05\/DSC_0274.jpg','https:\/\/geemarc.com\/fr\/wp-content\/uploads\/sites\/3\/2022\/05\/DSC_0273.jpg','https:\/\/geemarc.com\/fr\/wp-content\/uploads\/sites\/3\/2022\/05\/DSC_0272.jpg','https:\/\/geemarc.com\/fr\/wp-content\/uploads\/sites\/3\/2022\/05\/DSC_0271.jpg','https:\/\/geemarc.com\/fr\/wp-content\/uploads\/sites\/3\/2022\/05\/DSC_0270.jpg','https:\/\/geemarc.com\/fr\/wp-content\/uploads\/sites\/3\/2022\/05\/DSC_0269.jpg','https:\/\/geemarc.com\/fr\/wp-content\/uploads\/sites\/3\/2022\/05\/DSC_0268.jpg'],\r\n\t\theight: 0,\r\n\t\twidth: 600,\r\n\t\tnavigation: true,\r\n\t\tdrag: true,\r\n\t\tshowCursor: true,\r\n\t\tinterval: 120,\r\n\t\tspeedMultiplier: 3,\r\n\t\t\t\tstartAutoplay: true,\r\n\t\t\t\tonReady: function() {\r\n\t\t\t$(\"#threesixty-slider-9761_levlKX\").removeClass('threesixty-loading');\r\n\t\t\t\t\t\tproduct_9761_levlKX.play();\r\n\t\t\t\t\t\t\t\t}\r\n\t\t\t});\r\n\t\t\t}(jQuery));\r\n<\/script>\n","protected":false},"excerpt":{"rendered":"<p>Surveillance b\u00e9b\u00e9 + d\u00e9tecteur acoustique<\/p>\n","protected":false},"featured_media":9781,"template":"","meta":[],"product_cat":[145],"product_tag":[],"yoast_head":"<!-- This site is optimized with the Yoast SEO plugin v16.9 - https:\/\/yoast.com\/wordpress\/plugins\/seo\/ -->\n<title>AMPLICALL 140 - Geemarc France<\/title>\n<meta name=\"robots\" content=\"index, follow, max-snippet:-1, max-image-preview:large, max-video-preview:-1\" \/>\n<link rel=\"canonical\" href=\"https:\/\/geemarc.com\/fr\/product\/amplicall-140\/\" \/>\n<meta property=\"og:locale\" content=\"fr_FR\" \/>\n<meta property=\"og:type\" content=\"article\" \/>\n<meta property=\"og:title\" content=\"AMPLICALL 140 - Geemarc France\" \/>\n<meta property=\"og:description\" content=\"Surveillance b\u00e9b\u00e9 + d\u00e9tecteur acoustique\" \/>\n<meta property=\"og:url\" content=\"https:\/\/geemarc.com\/fr\/product\/amplicall-140\/\" \/>\n<meta property=\"og:site_name\" content=\"Geemarc France\" \/>\n<meta property=\"article:modified_time\" content=\"2022-05-09T13:45:27+00:00\" \/>\n<meta property=\"og:image\" content=\"https:\/\/geemarc.com\/fr\/wp-content\/uploads\/sites\/3\/2022\/05\/AC140_1-scaled.jpg\" \/>\n\t<meta property=\"og:image:width\" content=\"2560\" \/>\n\t<meta property=\"og:image:height\" content=\"1655\" \/>\n<meta name=\"twitter:card\" content=\"summary_large_image\" \/>\n<meta name=\"twitter:label1\" content=\"Dur\u00e9e de lecture est.\" \/>\n\t<meta name=\"twitter:data1\" content=\"1 minute\" \/>\n<script type=\"application\/ld+json\" class=\"yoast-schema-graph\">{\"@context\":\"https:\/\/schema.org\",\"@graph\":[{\"@type\":\"WebSite\",\"@id\":\"https:\/\/geemarc.com\/fr\/#website\",\"url\":\"https:\/\/geemarc.com\/fr\/\",\"name\":\"Geemarc France\",\"description\":\"\",\"potentialAction\":[{\"@type\":\"SearchAction\",\"target\":{\"@type\":\"EntryPoint\",\"urlTemplate\":\"https:\/\/geemarc.com\/fr\/?s={search_term_string}\"},\"query-input\":\"required name=search_term_string\"}],\"inLanguage\":\"fr-FR\"},{\"@type\":\"ImageObject\",\"@id\":\"https:\/\/geemarc.com\/fr\/product\/amplicall-140\/#primaryimage\",\"inLanguage\":\"fr-FR\",\"url\":\"https:\/\/geemarc.com\/fr\/wp-content\/uploads\/sites\/3\/2022\/05\/AC140_1-scaled.jpg\",\"contentUrl\":\"https:\/\/geemarc.com\/fr\/wp-content\/uploads\/sites\/3\/2022\/05\/AC140_1-scaled.jpg\",\"width\":2560,\"height\":1655},{\"@type\":\"WebPage\",\"@id\":\"https:\/\/geemarc.com\/fr\/product\/amplicall-140\/#webpage\",\"url\":\"https:\/\/geemarc.com\/fr\/product\/amplicall-140\/\",\"name\":\"AMPLICALL 140 - Geemarc France\",\"isPartOf\":{\"@id\":\"https:\/\/geemarc.com\/fr\/#website\"},\"primaryImageOfPage\":{\"@id\":\"https:\/\/geemarc.com\/fr\/product\/amplicall-140\/#primaryimage\"},\"datePublished\":\"2022-05-09T13:39:16+00:00\",\"dateModified\":\"2022-05-09T13:45:27+00:00\",\"breadcrumb\":{\"@id\":\"https:\/\/geemarc.com\/fr\/product\/amplicall-140\/#breadcrumb\"},\"inLanguage\":\"fr-FR\",\"potentialAction\":[{\"@type\":\"ReadAction\",\"target\":[\"https:\/\/geemarc.com\/fr\/product\/amplicall-140\/\"]}]},{\"@type\":\"BreadcrumbList\",\"@id\":\"https:\/\/geemarc.com\/fr\/product\/amplicall-140\/#breadcrumb\",\"itemListElement\":[{\"@type\":\"ListItem\",\"position\":1,\"name\":\"Home\",\"item\":\"https:\/\/geemarc.com\/fr\/\"},{\"@type\":\"ListItem\",\"position\":2,\"name\":\"Shop\",\"item\":\"https:\/\/geemarc.com\/fr\/shop\/\"},{\"@type\":\"ListItem\",\"position\":3,\"name\":\"AMPLICALL 140\"}]}]}<\/script>\n<!-- \/ Yoast SEO plugin. -->","yoast_head_json":{"title":"AMPLICALL 140 - Geemarc France","robots":{"index":"index","follow":"follow","max-snippet":"max-snippet:-1","max-image-preview":"max-image-preview:large","max-video-preview":"max-video-preview:-1"},"canonical":"https:\/\/geemarc.com\/fr\/product\/amplicall-140\/","og_locale":"fr_FR","og_type":"article","og_title":"AMPLICALL 140 - Geemarc France","og_description":"Surveillance b\u00e9b\u00e9 + d\u00e9tecteur acoustique","og_url":"https:\/\/geemarc.com\/fr\/product\/amplicall-140\/","og_site_name":"Geemarc France","article_modified_time":"2022-05-09T13:45:27+00:00","og_image":[{"width":2560,"height":1655,"url":"https:\/\/geemarc.com\/fr\/wp-content\/uploads\/sites\/3\/2022\/05\/AC140_1-scaled.jpg","path":"\/home\/g\/e\/geemarcwp\/public_html\/wp-content\/uploads\/sites\/3\/2022\/05\/AC140_1-scaled.jpg","size":"full","id":9781,"alt":"","pixels":4236800,"type":"image\/jpeg"}],"twitter_card":"summary_large_image","twitter_misc":{"Dur\u00e9e de lecture est.":"1 minute"},"schema":{"@context":"https:\/\/schema.org","@graph":[{"@type":"WebSite","@id":"https:\/\/geemarc.com\/fr\/#website","url":"https:\/\/geemarc.com\/fr\/","name":"Geemarc France","description":"","potentialAction":[{"@type":"SearchAction","target":{"@type":"EntryPoint","urlTemplate":"https:\/\/geemarc.com\/fr\/?s={search_term_string}"},"query-input":"required name=search_term_string"}],"inLanguage":"fr-FR"},{"@type":"ImageObject","@id":"https:\/\/geemarc.com\/fr\/product\/amplicall-140\/#primaryimage","inLanguage":"fr-FR","url":"https:\/\/geemarc.com\/fr\/wp-content\/uploads\/sites\/3\/2022\/05\/AC140_1-scaled.jpg","contentUrl":"https:\/\/geemarc.com\/fr\/wp-content\/uploads\/sites\/3\/2022\/05\/AC140_1-scaled.jpg","width":2560,"height":1655},{"@type":"WebPage","@id":"https:\/\/geemarc.com\/fr\/product\/amplicall-140\/#webpage","url":"https:\/\/geemarc.com\/fr\/product\/amplicall-140\/","name":"AMPLICALL 140 - Geemarc France","isPartOf":{"@id":"https:\/\/geemarc.com\/fr\/#website"},"primaryImageOfPage":{"@id":"https:\/\/geemarc.com\/fr\/product\/amplicall-140\/#primaryimage"},"datePublished":"2022-05-09T13:39:16+00:00","dateModified":"2022-05-09T13:45:27+00:00","breadcrumb":{"@id":"https:\/\/geemarc.com\/fr\/product\/amplicall-140\/#breadcrumb"},"inLanguage":"fr-FR","potentialAction":[{"@type":"ReadAction","target":["https:\/\/geemarc.com\/fr\/product\/amplicall-140\/"]}]},{"@type":"BreadcrumbList","@id":"https:\/\/geemarc.com\/fr\/product\/amplicall-140\/#breadcrumb","itemListElement":[{"@type":"ListItem","position":1,"name":"Home","item":"https:\/\/geemarc.com\/fr\/"},{"@type":"ListItem","position":2,"name":"Shop","item":"https:\/\/geemarc.com\/fr\/shop\/"},{"@type":"ListItem","position":3,"name":"AMPLICALL 140"}]}]}},"acf":[],"_links":{"self":[{"href":"https:\/\/geemarc.com\/fr\/wp-json\/wp\/v2\/product\/9763"}],"collection":[{"href":"https:\/\/geemarc.com\/fr\/wp-json\/wp\/v2\/product"}],"about":[{"href":"https:\/\/geemarc.com\/fr\/wp-json\/wp\/v2\/types\/product"}],"wp:featuredmedia":[{"embeddable":true,"href":"https:\/\/geemarc.com\/fr\/wp-json\/wp\/v2\/media\/9781"}],"wp:attachment":[{"href":"https:\/\/geemarc.com\/fr\/wp-json\/wp\/v2\/media?parent=9763"}],"wp:term":[{"taxonomy":"product_cat","embeddable":true,"href":"https:\/\/geemarc.com\/fr\/wp-json\/wp\/v2\/product_cat?post=9763"},{"taxonomy":"product_tag","embeddable":true,"href":"https:\/\/geemarc.com\/fr\/wp-json\/wp\/v2\/product_tag?post=9763"}],"curies":[{"name":"wp","href":"https:\/\/api.w.org\/{rel}","templated":true}]}}