{"id":9919,"date":"2022-05-17T12:53:33","date_gmt":"2022-05-17T12:53:33","guid":{"rendered":"https:\/\/geemarc.com\/fr\/?post_type=product&#038;p=9919"},"modified":"2023-05-16T09:02:10","modified_gmt":"2023-05-16T09:02:10","slug":"dallas-20","status":"publish","type":"product","link":"https:\/\/geemarc.com\/fr\/product\/dallas-20\/","title":{"rendered":"DALLAS 20"},"content":{"rendered":"<p><strong>APPELER\/R\u00c9PONDRE<\/strong><\/p>\n<ul>\n<li>Compatible appareil auditif<\/li>\n<li>R\u00e9glage du volume de r\u00e9ception jusqu\u2019\u00e0 <strong>25dB<\/strong><\/li>\n<li>3 m\u00e9moires photo<\/li>\n<li>PC code : pour Pabx (programmation de num\u00e9ro pour sortir du standard)<\/li>\n<li>Touche R pour double appel<\/li>\n<li>Touche Bis (rappel du dernier num\u00e9ro compos\u00e9)<\/li>\n<li>Fonction \u00ab\u00a0Muet\u00a0\u00bb<\/li>\n<li>Mode \u00ab Mains-libres \u00bb r\u00e9glable sur 2 niveaux : Fort \/ Faible<\/li>\n<li>Clavier :\n<ul>\n<li>Larges touches<\/li>\n<li>Contraste \u00e9lev\u00e9<\/li>\n<\/ul>\n<\/li>\n<\/ul>\n<p>&nbsp;<\/p>\n<p><strong>\u00c9CRAN LCD (fonctionne uniquement avec 3 piles AA)<\/strong><\/p>\n<ul>\n<li>Large \u00e9cran 16 digits, 65x13mm-3 lignes<\/li>\n<li>Ecran avec r\u00e9tro-\u00e9clairage blanc<\/li>\n<li>R\u00e9glage contraste sur 5 niveaux<\/li>\n<li>Menu navigation<\/li>\n<li>Horodatage<\/li>\n<li>Fonction Alarme<\/li>\n<li>Verrouillage du journal d\u2019appel<\/li>\n<li>Indication du temps de communication<\/li>\n<\/ul>\n<p>&nbsp;<\/p>\n<p><strong>SONNERIE<\/strong><\/p>\n<ul>\n<li>1 sonnerie<\/li>\n<li>Volume de sonnerie : jusqu\u2019\u00e0 <strong>70dB <\/strong>\u00e0 1 m\u00e8tre<\/li>\n<li>Volume de sonnerie r\u00e9glable sur 2 niveaux : Fort \/ Faible<\/li>\n<li>Indicateur visuel de sonnerie<\/li>\n<\/ul>\n<p>&nbsp;<\/p>\n<div id=\"threesixty-slider-10078_Q9QeyV\" class=\"threesixty-loading threesixty-image threesixty-dark-blue threesixty-vintage threesixty-no-border\" style=\"width: 800px;\">\r\n\t<div class=\"threesixty-preview-10078_Q9QeyV\"><img class=\"threesixty-preview-image\" src=\"https:\/\/geemarc.com\/fr\/wp-content\/uploads\/sites\/3\/2022\/07\/DSC_0158.jpg\"\/><\/div>\r\n\t<div class=\"threesixty-spinner threesixty-spinner-10078_Q9QeyV\">\r\n\t\t<span>0%<\/span>\r\n\t<\/div>\r\n\t<ol class=\"threesixty-images threesixty-images-10078_Q9QeyV\"><\/ol>\r\n\t\t\t<a href=\"#threesixty-slider-10078_Q9QeyV\" class=\"threesixty-mfp-anchor\"><\/a>\r\n\t<\/div>\r\n<!--SPV--><script type=\"text\/javascript\">\/\/SPV\r\n(function($) {\r\n\t\t$('#threesixty-slider-10078_Q9QeyV .threesixty-mfp-anchor').magnificPopup({\r\n\t\ttype:'inline',\r\n\t\tcloseOnBgClick: true,\r\n\t\tmidClick: true,\r\n\t\t\/\/removalDelay: 300,\r\n  \t\t\/\/mainClass: 'mfp-fade',\r\n\t\tcallbacks: {\r\n\t\t\t resize: function() {\r\n\t\t\t \tvar originalHeight \t= 560,\r\n\t\t\t \t\toriginalWidth \t= 800,\r\n\t\t\t \t\tmfpHeight \t\t= 560,\r\n\t\t\t \t\tmfpWidth \t\t= 800,\r\n\t\t\t \t\tratio \t\t\t= originalWidth \/ originalHeight,\r\n\t\t\t \t\twinHeight \t\t= $(window).height(),\r\n\t\t\t \t\twinWidth \t\t= $(window).width();\r\n\t\t\t \t\r\n\t\t\t \tif ( originalHeight > winHeight * 0.9 ) {\r\n\t\t\t \t\tmfpHeight \t\t= winHeight * 0.9;\r\n\t\t\t \t\tmfpWidth \t\t= mfpHeight * ratio;\r\n\t\t\t\t}\r\n\t\t\t\tif ( mfpWidth > winWidth * 0.9 ) {\r\n\t\t\t \t\tmfpWidth \t\t= winWidth * 0.9;\r\n\t\t\t \t\tmfpHeight \t\t= mfpWidth \/ ratio;\r\n\t\t\t\t}\r\n\t\t\t \tif ( mfpHeight < originalHeight && mfpWidth < originalWidth ) {\r\n\t\t\t\t    $('#threesixty-slider-10078_Q9QeyV').height(mfpHeight);\r\n\t\t\t\t    $('#threesixty-slider-10078_Q9QeyV').width(mfpWidth);\r\n\t\t\t\t} \r\n\t\t\t\telse {\r\n\t\t\t\t    $('#threesixty-slider-10078_Q9QeyV').height(originalHeight);\r\n\t\t\t\t    $('#threesixty-slider-10078_Q9QeyV').width(originalWidth);\r\n\t\t\t\t}\r\n\t\t\t},\r\n\t\t\tclose: function() {\r\n\t\t\t    $('#threesixty-slider-10078_Q9QeyV').height('auto');\r\n\t\t\t    $('#threesixty-slider-10078_Q9QeyV').width(800);\r\n\t\t\t}\r\n\t\t},\r\n\t\tcloseMarkup :\"<button class=\\\"mfp-close\\\"><\/button>\"\r\n\t});\r\n\t\tvar product_10078_Q9QeyV = $('#threesixty-slider-10078_Q9QeyV').ThreeSixty({\r\n\t\ttotalFrames: 36,\r\n\t\tendFrame: 0,\r\n\t\tcurrentFrame: 36,\r\n\t\timgList: '.threesixty-images-10078_Q9QeyV',\r\n\t\tprogress: '.threesixty-spinner-10078_Q9QeyV',\r\n\t\tpreview: '.threesixty-preview-10078_Q9QeyV',\r\n\t\timages: ['https:\/\/geemarc.com\/fr\/wp-content\/uploads\/sites\/3\/2022\/07\/DSC_0193.jpg','https:\/\/geemarc.com\/fr\/wp-content\/uploads\/sites\/3\/2022\/07\/DSC_0192.jpg','https:\/\/geemarc.com\/fr\/wp-content\/uploads\/sites\/3\/2022\/07\/DSC_0191.jpg','https:\/\/geemarc.com\/fr\/wp-content\/uploads\/sites\/3\/2022\/07\/DSC_0190.jpg','https:\/\/geemarc.com\/fr\/wp-content\/uploads\/sites\/3\/2022\/07\/DSC_0189.jpg','https:\/\/geemarc.com\/fr\/wp-content\/uploads\/sites\/3\/2022\/07\/DSC_0188.jpg','https:\/\/geemarc.com\/fr\/wp-content\/uploads\/sites\/3\/2022\/07\/DSC_0187.jpg','https:\/\/geemarc.com\/fr\/wp-content\/uploads\/sites\/3\/2022\/07\/DSC_0186.jpg','https:\/\/geemarc.com\/fr\/wp-content\/uploads\/sites\/3\/2022\/07\/DSC_0185.jpg','https:\/\/geemarc.com\/fr\/wp-content\/uploads\/sites\/3\/2022\/07\/DSC_0184.jpg','https:\/\/geemarc.com\/fr\/wp-content\/uploads\/sites\/3\/2022\/07\/DSC_0183.jpg','https:\/\/geemarc.com\/fr\/wp-content\/uploads\/sites\/3\/2022\/07\/DSC_0182.jpg','https:\/\/geemarc.com\/fr\/wp-content\/uploads\/sites\/3\/2022\/07\/DSC_0181.jpg','https:\/\/geemarc.com\/fr\/wp-content\/uploads\/sites\/3\/2022\/07\/DSC_0180.jpg','https:\/\/geemarc.com\/fr\/wp-content\/uploads\/sites\/3\/2022\/07\/DSC_0179.jpg','https:\/\/geemarc.com\/fr\/wp-content\/uploads\/sites\/3\/2022\/07\/DSC_0178.jpg','https:\/\/geemarc.com\/fr\/wp-content\/uploads\/sites\/3\/2022\/07\/DSC_0177.jpg','https:\/\/geemarc.com\/fr\/wp-content\/uploads\/sites\/3\/2022\/07\/DSC_0176.jpg','https:\/\/geemarc.com\/fr\/wp-content\/uploads\/sites\/3\/2022\/07\/DSC_0175.jpg','https:\/\/geemarc.com\/fr\/wp-content\/uploads\/sites\/3\/2022\/07\/DSC_0174.jpg','https:\/\/geemarc.com\/fr\/wp-content\/uploads\/sites\/3\/2022\/07\/DSC_0173.jpg','https:\/\/geemarc.com\/fr\/wp-content\/uploads\/sites\/3\/2022\/07\/DSC_0172.jpg','https:\/\/geemarc.com\/fr\/wp-content\/uploads\/sites\/3\/2022\/07\/DSC_0171.jpg','https:\/\/geemarc.com\/fr\/wp-content\/uploads\/sites\/3\/2022\/07\/DSC_0170.jpg','https:\/\/geemarc.com\/fr\/wp-content\/uploads\/sites\/3\/2022\/07\/DSC_0169.jpg','https:\/\/geemarc.com\/fr\/wp-content\/uploads\/sites\/3\/2022\/07\/DSC_0168.jpg','https:\/\/geemarc.com\/fr\/wp-content\/uploads\/sites\/3\/2022\/07\/DSC_0167.jpg','https:\/\/geemarc.com\/fr\/wp-content\/uploads\/sites\/3\/2022\/07\/DSC_0166.jpg','https:\/\/geemarc.com\/fr\/wp-content\/uploads\/sites\/3\/2022\/07\/DSC_0165.jpg','https:\/\/geemarc.com\/fr\/wp-content\/uploads\/sites\/3\/2022\/07\/DSC_0164.jpg','https:\/\/geemarc.com\/fr\/wp-content\/uploads\/sites\/3\/2022\/07\/DSC_0163.jpg','https:\/\/geemarc.com\/fr\/wp-content\/uploads\/sites\/3\/2022\/07\/DSC_0162.jpg','https:\/\/geemarc.com\/fr\/wp-content\/uploads\/sites\/3\/2022\/07\/DSC_0161.jpg','https:\/\/geemarc.com\/fr\/wp-content\/uploads\/sites\/3\/2022\/07\/DSC_0160.jpg','https:\/\/geemarc.com\/fr\/wp-content\/uploads\/sites\/3\/2022\/07\/DSC_0159.jpg','https:\/\/geemarc.com\/fr\/wp-content\/uploads\/sites\/3\/2022\/07\/DSC_0158.jpg'],\r\n\t\theight: 0,\r\n\t\twidth: 800,\r\n\t\tnavigation: true,\r\n\t\tdrag: true,\r\n\t\tshowCursor: true,\r\n\t\tinterval: 120,\r\n\t\tspeedMultiplier: 3,\r\n\t\t\t\tstartAutoplay: true,\r\n\t\t\t\tonReady: function() {\r\n\t\t\t$(\"#threesixty-slider-10078_Q9QeyV\").removeClass('threesixty-loading');\r\n\t\t\t\t\t\tproduct_10078_Q9QeyV.play();\r\n\t\t\t\t\t\t\t\t}\r\n\t\t\t});\r\n\t\t\t}(jQuery));\r\n<\/script>\n<div class=\"success p-tmpl-wrap primary-background\">\n<p><img class=\"p1\" src=\"https:\/\/geemarc.com\/uk\/wp-content\/uploads\/sites\/2\/2019\/04\/Photo-template-Urgence.png\" \/><img class=\"p2\" src=\"https:\/\/geemarc.com\/uk\/wp-content\/uploads\/sites\/2\/2019\/04\/Photo-template-portrait.png\" \/><span class=\"h3 bold\" data-wahfont=\"20\">IMPRESSION DE VOS PHOTOS<\/span><span class=\"h3\" data-wahfont=\"20\">Nouveaut\u00e9s et exclusivit\u00e9 Geemarc Telecom<\/span><\/p>\n<div style=\"margin: 10px 0 15px; line-height: 17px;\">Un mod\u00e8le facile \u00e0 utiliser pour t\u00e9l\u00e9charger vos images et les imprimer pour les boutons des photophones.<br \/>\nCliquez sur le bouton ci-dessous.<\/div>\n<div class=\"table-cell button-right\" style=\"margin-top: 10px;\"><a class=\"button filled\" href=\"https:\/\/geemarc.com\/p_editor\/dallas20\/f\/editor\/\" data-wahfont=\"12\">Mod\u00e8le de photos<\/a><\/div>\n<\/div>\n","protected":false},"excerpt":{"rendered":"<p>T\u00e9l\u00e9phone bi-bloc<\/p>\n","protected":false},"featured_media":9920,"template":"","meta":[],"product_cat":[129],"product_tag":[],"yoast_head":"<!-- This site is optimized with the Yoast SEO plugin v16.9 - https:\/\/yoast.com\/wordpress\/plugins\/seo\/ -->\n<title>DALLAS 20 - Geemarc France<\/title>\n<meta name=\"robots\" content=\"index, follow, max-snippet:-1, max-image-preview:large, max-video-preview:-1\" \/>\n<link rel=\"canonical\" href=\"https:\/\/geemarc.com\/fr\/product\/dallas-20\/\" \/>\n<meta property=\"og:locale\" content=\"fr_FR\" \/>\n<meta property=\"og:type\" content=\"article\" \/>\n<meta property=\"og:title\" content=\"DALLAS 20 - Geemarc France\" \/>\n<meta property=\"og:description\" content=\"T\u00e9l\u00e9phone bi-bloc\" \/>\n<meta property=\"og:url\" content=\"https:\/\/geemarc.com\/fr\/product\/dallas-20\/\" \/>\n<meta property=\"og:site_name\" content=\"Geemarc France\" \/>\n<meta property=\"article:modified_time\" content=\"2023-05-16T09:02:10+00:00\" \/>\n<meta property=\"og:image\" content=\"https:\/\/geemarc.com\/fr\/wp-content\/uploads\/sites\/3\/2022\/05\/Dallas20-illusPNG-1024x709.png\" \/>\n\t<meta property=\"og:image:width\" content=\"1024\" \/>\n\t<meta property=\"og:image:height\" content=\"709\" \/>\n<meta name=\"twitter:card\" content=\"summary_large_image\" \/>\n<meta name=\"twitter:label1\" content=\"Dur\u00e9e de lecture est.\" \/>\n\t<meta name=\"twitter:data1\" content=\"2 minutes\" \/>\n<script type=\"application\/ld+json\" class=\"yoast-schema-graph\">{\"@context\":\"https:\/\/schema.org\",\"@graph\":[{\"@type\":\"WebSite\",\"@id\":\"https:\/\/geemarc.com\/fr\/#website\",\"url\":\"https:\/\/geemarc.com\/fr\/\",\"name\":\"Geemarc France\",\"description\":\"\",\"potentialAction\":[{\"@type\":\"SearchAction\",\"target\":{\"@type\":\"EntryPoint\",\"urlTemplate\":\"https:\/\/geemarc.com\/fr\/?s={search_term_string}\"},\"query-input\":\"required name=search_term_string\"}],\"inLanguage\":\"fr-FR\"},{\"@type\":\"ImageObject\",\"@id\":\"https:\/\/geemarc.com\/fr\/product\/dallas-20\/#primaryimage\",\"inLanguage\":\"fr-FR\",\"url\":\"https:\/\/geemarc.com\/fr\/wp-content\/uploads\/sites\/3\/2022\/05\/Dallas20-illusPNG.png\",\"contentUrl\":\"https:\/\/geemarc.com\/fr\/wp-content\/uploads\/sites\/3\/2022\/05\/Dallas20-illusPNG.png\",\"width\":1826,\"height\":1265},{\"@type\":\"WebPage\",\"@id\":\"https:\/\/geemarc.com\/fr\/product\/dallas-20\/#webpage\",\"url\":\"https:\/\/geemarc.com\/fr\/product\/dallas-20\/\",\"name\":\"DALLAS 20 - Geemarc France\",\"isPartOf\":{\"@id\":\"https:\/\/geemarc.com\/fr\/#website\"},\"primaryImageOfPage\":{\"@id\":\"https:\/\/geemarc.com\/fr\/product\/dallas-20\/#primaryimage\"},\"datePublished\":\"2022-05-17T12:53:33+00:00\",\"dateModified\":\"2023-05-16T09:02:10+00:00\",\"breadcrumb\":{\"@id\":\"https:\/\/geemarc.com\/fr\/product\/dallas-20\/#breadcrumb\"},\"inLanguage\":\"fr-FR\",\"potentialAction\":[{\"@type\":\"ReadAction\",\"target\":[\"https:\/\/geemarc.com\/fr\/product\/dallas-20\/\"]}]},{\"@type\":\"BreadcrumbList\",\"@id\":\"https:\/\/geemarc.com\/fr\/product\/dallas-20\/#breadcrumb\",\"itemListElement\":[{\"@type\":\"ListItem\",\"position\":1,\"name\":\"Home\",\"item\":\"https:\/\/geemarc.com\/fr\/\"},{\"@type\":\"ListItem\",\"position\":2,\"name\":\"Shop\",\"item\":\"https:\/\/geemarc.com\/fr\/shop\/\"},{\"@type\":\"ListItem\",\"position\":3,\"name\":\"DALLAS 20\"}]}]}<\/script>\n<!-- \/ Yoast SEO plugin. -->","yoast_head_json":{"title":"DALLAS 20 - Geemarc France","robots":{"index":"index","follow":"follow","max-snippet":"max-snippet:-1","max-image-preview":"max-image-preview:large","max-video-preview":"max-video-preview:-1"},"canonical":"https:\/\/geemarc.com\/fr\/product\/dallas-20\/","og_locale":"fr_FR","og_type":"article","og_title":"DALLAS 20 - Geemarc France","og_description":"T\u00e9l\u00e9phone bi-bloc","og_url":"https:\/\/geemarc.com\/fr\/product\/dallas-20\/","og_site_name":"Geemarc France","article_modified_time":"2023-05-16T09:02:10+00:00","og_image":[{"width":1024,"height":709,"path":"2022\/05\/Dallas20-illusPNG-1024x709.png","url":"https:\/\/geemarc.com\/fr\/wp-content\/uploads\/sites\/3\/2022\/05\/Dallas20-illusPNG-1024x709.png","size":"large","id":9920,"alt":"","pixels":726016,"type":"image\/png"}],"twitter_card":"summary_large_image","twitter_misc":{"Dur\u00e9e de lecture est.":"2 minutes"},"schema":{"@context":"https:\/\/schema.org","@graph":[{"@type":"WebSite","@id":"https:\/\/geemarc.com\/fr\/#website","url":"https:\/\/geemarc.com\/fr\/","name":"Geemarc France","description":"","potentialAction":[{"@type":"SearchAction","target":{"@type":"EntryPoint","urlTemplate":"https:\/\/geemarc.com\/fr\/?s={search_term_string}"},"query-input":"required name=search_term_string"}],"inLanguage":"fr-FR"},{"@type":"ImageObject","@id":"https:\/\/geemarc.com\/fr\/product\/dallas-20\/#primaryimage","inLanguage":"fr-FR","url":"https:\/\/geemarc.com\/fr\/wp-content\/uploads\/sites\/3\/2022\/05\/Dallas20-illusPNG.png","contentUrl":"https:\/\/geemarc.com\/fr\/wp-content\/uploads\/sites\/3\/2022\/05\/Dallas20-illusPNG.png","width":1826,"height":1265},{"@type":"WebPage","@id":"https:\/\/geemarc.com\/fr\/product\/dallas-20\/#webpage","url":"https:\/\/geemarc.com\/fr\/product\/dallas-20\/","name":"DALLAS 20 - Geemarc France","isPartOf":{"@id":"https:\/\/geemarc.com\/fr\/#website"},"primaryImageOfPage":{"@id":"https:\/\/geemarc.com\/fr\/product\/dallas-20\/#primaryimage"},"datePublished":"2022-05-17T12:53:33+00:00","dateModified":"2023-05-16T09:02:10+00:00","breadcrumb":{"@id":"https:\/\/geemarc.com\/fr\/product\/dallas-20\/#breadcrumb"},"inLanguage":"fr-FR","potentialAction":[{"@type":"ReadAction","target":["https:\/\/geemarc.com\/fr\/product\/dallas-20\/"]}]},{"@type":"BreadcrumbList","@id":"https:\/\/geemarc.com\/fr\/product\/dallas-20\/#breadcrumb","itemListElement":[{"@type":"ListItem","position":1,"name":"Home","item":"https:\/\/geemarc.com\/fr\/"},{"@type":"ListItem","position":2,"name":"Shop","item":"https:\/\/geemarc.com\/fr\/shop\/"},{"@type":"ListItem","position":3,"name":"DALLAS 20"}]}]}},"acf":[],"_links":{"self":[{"href":"https:\/\/geemarc.com\/fr\/wp-json\/wp\/v2\/product\/9919"}],"collection":[{"href":"https:\/\/geemarc.com\/fr\/wp-json\/wp\/v2\/product"}],"about":[{"href":"https:\/\/geemarc.com\/fr\/wp-json\/wp\/v2\/types\/product"}],"wp:featuredmedia":[{"embeddable":true,"href":"https:\/\/geemarc.com\/fr\/wp-json\/wp\/v2\/media\/9920"}],"wp:attachment":[{"href":"https:\/\/geemarc.com\/fr\/wp-json\/wp\/v2\/media?parent=9919"}],"wp:term":[{"taxonomy":"product_cat","embeddable":true,"href":"https:\/\/geemarc.com\/fr\/wp-json\/wp\/v2\/product_cat?post=9919"},{"taxonomy":"product_tag","embeddable":true,"href":"https:\/\/geemarc.com\/fr\/wp-json\/wp\/v2\/product_tag?post=9919"}],"curies":[{"name":"wp","href":"https:\/\/api.w.org\/{rel}","templated":true}]}}